{"id":517,"date":"2025-10-14T15:19:24","date_gmt":"2025-10-14T14:19:24","guid":{"rendered":"https:\/\/staging.microlabhard.com\/esquerraabogados\/serveis-juridics\/"},"modified":"2025-11-06T15:51:39","modified_gmt":"2025-11-06T14:51:39","slug":"serveis-juridics","status":"publish","type":"page","link":"https:\/\/esquerraabogados.es\/ca\/serveis-juridics\/","title":{"rendered":"Serveis jur\u00eddics"},"content":{"rendered":"<div class=\"wpb-content-wrapper\"><p>[vc_section full_width=&#8221;stretch_row&#8221; css=&#8221;.vc_custom_1760451523860{padding-top: 80px !important;padding-bottom: 80px !important;}&#8221; conditional_render=&#8221;%5B%7B%22value_role%22%3A%22administrator%22%7D%5D&#8221; css_params=&#8221;&#8221;][vc_row gap=&#8221;35&#8243; conditional_render=&#8221;%5B%7B%22value_role%22%3A%22administrator%22%7D%5D&#8221; css_params=&#8221;&#8221;][vc_column width=&#8221;1\/3&#8243; el_class=&#8221;mlh_orden_despues&#8221; conditional_render=&#8221;%5B%7B%22value_role%22%3A%22administrator%22%7D%5D&#8221; css_params=&#8221;&#8221;][vc_single_image image=&#8221;511&#8243; img_size=&#8221;full&#8221; css=&#8221;.vc_custom_1760534919595{border-top-width: 2px !important;border-right-width: 2px !important;border-bottom-width: 2px !important;border-left-width: 2px !important;border-left-style: solid !important;border-right-style: solid !important;border-top-style: solid !important;border-bottom-style: solid !important;border-color: #0a0a0a !important;}&#8221; img_object=&#8221;cover&#8221; img_pos=&#8221;center center&#8221; img_width=&#8221;{&#8220;xl&#8220;:&#8220;100&#8220;,&#8220;unit&#8220;:&#8220;%&#8220;,&#8220;xs&#8220;:&#8220;&#8220;,&#8220;sm&#8220;:&#8220;&#8220;,&#8220;md&#8220;:&#8220;&#8220;,&#8220;lg&#8220;:&#8220;&#8220;}&#8221; img_height=&#8221;{&#8220;xl&#8220;:&#8220;410&#8220;,&#8220;unit&#8220;:&#8220;&#8220;,&#8220;xs&#8220;:&#8220;&#8220;,&#8220;sm&#8220;:&#8220;&#8220;,&#8220;md&#8220;:&#8220;&#8220;,&#8220;lg&#8220;:&#8220;&#8220;}&#8221; css_params=&#8221;&#8221;][\/vc_column][vc_column width=&#8221;2\/3&#8243;][vc_custom_heading text=&#8221;Dret Civil&#8221; use_theme_fonts=&#8221;yes&#8221; css_params=&#8221;&#8221;][vc_column_text css=&#8221;&#8221; css_params=&#8221;&#8221;]Ens ocupem de totes les \u00e0rees del dret civil, oferint solucions pr\u00e0ctiques i efectives per a assumptes personals i patrimonials:<\/p>\n<ul>\n<li><strong>Contractes civils i comercials:<\/strong> redacci\u00f3, revisi\u00f3 i resoluci\u00f3 de conflictes contractuals.<\/li>\n<li><strong>Her\u00e8ncies i successions:<\/strong> planificaci\u00f3, redacci\u00f3 de testaments i gesti\u00f3 d&#8217;her\u00e8ncies complexes.<\/li>\n<li><strong>Propietat i possessi\u00f3:<\/strong> reclamacions, arrendaments, compravendes i conflictes de propietat.<\/li>\n<li><strong>Responsabilitat civil:<\/strong> reclamacions per danys i perjudicis, accidents o neglig\u00e8ncies.<\/li>\n<\/ul>\n<p>Treballem perqu\u00e8 cada procediment civil es gestioni de manera eficient, protegint els teus interessos i minimitzant riscos.[\/vc_column_text][\/vc_column][\/vc_row][\/vc_section][vc_section full_width=&#8221;stretch_row&#8221; css=&#8221;.vc_custom_1760452451790{padding-top: 80px !important;padding-bottom: 80px !important;background-image: url(https:\/\/esquerraabogados.es\/wp-content\/uploads\/2025\/10\/textura-1-scaled.jpg?id=347) !important;background-position: center !important;background-repeat: no-repeat !important;background-size: cover !important;}&#8221; conditional_render=&#8221;%5B%7B%22value_role%22%3A%22administrator%22%7D%5D&#8221; css_params=&#8221;&#8221; el_class=&#8221;mlh_tintar_bg&#8221;][vc_row gap=&#8221;35&#8243; conditional_render=&#8221;%5B%7B%22value_role%22%3A%22administrator%22%7D%5D&#8221; css_params=&#8221;&#8221;][vc_column width=&#8221;2\/3&#8243;][vc_custom_heading text=&#8221;Dret Penal&#8221; use_theme_fonts=&#8221;yes&#8221; css_params=&#8221;&#8221; el_class=&#8221;mlh_text_shine&#8221;][vc_column_text css=&#8221;&#8221; css_params=&#8221;&#8221; el_class=&#8221;mlh_text_shine&#8221;]Defensem els nostres clients en l&#8217;\u00e0mbit penal, tant a nivell personal com empresarial, garantint protecci\u00f3 de drets i assessorament preventiu:<\/p>\n<ul>\n<li>Defensa en <strong>delictes penals<\/strong> (econ\u00f2mics, societaris, contra la propietat, viol\u00e8ncia, etc.).<\/li>\n<li>Assessorament en <strong>procediments judicials<\/strong> i recursos penals.<\/li>\n<li>Prevenci\u00f3 de riscos legals per a empreses i directius.<\/li>\n<li>Representaci\u00f3 i defensa en <strong>den\u00fancies, investigacions i judicis penals<\/strong>.<\/li>\n<\/ul>\n<p>Actuem amb rapidesa i estrat\u00e8gia per minimitzar impactes i protegir els teus drets a tota hora.[\/vc_column_text][\/vc_column][vc_column width=&#8221;1\/3&#8243;][vc_single_image image=&#8221;512&#8243; img_size=&#8221;full&#8221; css=&#8221;.vc_custom_1760534943727{border-top-width: 2px !important;border-right-width: 2px !important;border-bottom-width: 2px !important;border-left-width: 2px !important;border-left-style: solid !important;border-right-style: solid !important;border-top-style: solid !important;border-bottom-style: solid !important;border-color: #0a0a0a !important;}&#8221; img_object=&#8221;cover&#8221; img_pos=&#8221;center right&#8221; img_width=&#8221;{&#8220;xl&#8220;:&#8220;100&#8220;,&#8220;unit&#8220;:&#8220;%&#8220;,&#8220;xs&#8220;:&#8220;&#8220;,&#8220;sm&#8220;:&#8220;&#8220;,&#8220;md&#8220;:&#8220;&#8220;,&#8220;lg&#8220;:&#8220;&#8220;}&#8221; img_height=&#8221;{&#8220;xl&#8220;:&#8220;330&#8220;,&#8220;unit&#8220;:&#8220;&#8220;,&#8220;xs&#8220;:&#8220;&#8220;,&#8220;sm&#8220;:&#8220;&#8220;,&#8220;md&#8220;:&#8220;&#8220;,&#8220;lg&#8220;:&#8220;&#8220;}&#8221; css_params=&#8221;&#8221;][\/vc_column][\/vc_row][\/vc_section][vc_section full_width=&#8221;stretch_row&#8221; css=&#8221;.vc_custom_1760451523860{padding-top: 80px !important;padding-bottom: 80px !important;}&#8221; conditional_render=&#8221;%5B%7B%22value_role%22%3A%22administrator%22%7D%5D&#8221; css_params=&#8221;&#8221;][vc_row gap=&#8221;35&#8243; conditional_render=&#8221;%5B%7B%22value_role%22%3A%22administrator%22%7D%5D&#8221; css_params=&#8221;&#8221;][vc_column width=&#8221;1\/3&#8243; el_class=&#8221;mlh_orden_despues&#8221; conditional_render=&#8221;%5B%7B%22value_role%22%3A%22administrator%22%7D%5D&#8221; css_params=&#8221;&#8221;][vc_single_image image=&#8221;513&#8243; img_size=&#8221;full&#8221; css=&#8221;.vc_custom_1762330752518{border-top-width: 2px !important;border-right-width: 2px !important;border-bottom-width: 2px !important;border-left-width: 2px !important;border-left-style: solid !important;border-right-style: solid !important;border-top-style: solid !important;border-bottom-style: solid !important;border-color: #0a0a0a !important;}&#8221; img_object=&#8221;cover&#8221; img_pos=&#8221;center right&#8221; img_width=&#8221;{&#8220;xl&#8220;:&#8220;100&#8220;,&#8220;unit&#8220;:&#8220;%&#8220;,&#8220;xs&#8220;:&#8220;&#8220;,&#8220;sm&#8220;:&#8220;&#8220;,&#8220;md&#8220;:&#8220;&#8220;,&#8220;lg&#8220;:&#8220;&#8220;}&#8221; img_height=&#8221;{&#8220;xl&#8220;:&#8220;430&#8220;,&#8220;unit&#8220;:&#8220;&#8220;,&#8220;xs&#8220;:&#8220;&#8220;,&#8220;sm&#8220;:&#8220;&#8220;,&#8220;md&#8220;:&#8220;&#8220;,&#8220;lg&#8220;:&#8220;&#8220;}&#8221; css_params=&#8221;&#8221; label=&#8221;&#8221;][\/vc_column][vc_column width=&#8221;2\/3&#8243;][vc_custom_heading text=&#8221;Dret laboral&#8221; use_theme_fonts=&#8221;yes&#8221; css_params=&#8221;&#8221;][vc_column_text css=&#8221;&#8221; css_params=&#8221;&#8221;]A <strong>Esquerr\u00e1 Advocats<\/strong> oferim assessorament integral a totes les \u00e0rees del dret laboral, tant per a treballadors com per a empreses:<\/p>\n<ul>\n<li>Redacci\u00f3, revisi\u00f3 i negociaci\u00f3 de <strong>contractes laborals<\/strong>.<\/li>\n<li>Assessorament en mat\u00e8ria <strong>d&#8217;acomiadaments, reclamacions salarials i conflictes laborals.<\/strong><\/li>\n<li>Assist\u00e8ncia i representaci\u00f3 davant de la <strong>Inspecci\u00f3 de Treball<\/strong>, aix\u00ed com en actes de <strong>conciliaci\u00f3 laboral<\/strong>.<\/li>\n<li>Representaci\u00f3 davant de <strong>jutjats i tribunals laborals<\/strong>.<\/li>\n<li>Consultoria sobre <strong>prevenci\u00f3 de riscos laborals<\/strong> i compliment normatiu.<\/li>\n<li>Negociaci\u00f3 col\u00b7lectiva i mediaci\u00f3 en conflictes laborals.<\/li>\n<\/ul>\n<p>El nostre objectiu \u00e9s oferir un assessorament legal a totes les disciplines del dret laboral i de la seguretat social, tant per a empreses com per a aut\u00f2noms i particulars.[\/vc_column_text][\/vc_column][\/vc_row][\/vc_section][vc_section full_width=&#8221;stretch_row&#8221; css=&#8221;.vc_custom_1760452451790{padding-top: 80px !important;padding-bottom: 80px !important;background-image: url(https:\/\/esquerraabogados.es\/wp-content\/uploads\/2025\/10\/textura-1-scaled.jpg?id=347) !important;background-position: center !important;background-repeat: no-repeat !important;background-size: cover !important;}&#8221; conditional_render=&#8221;%5B%7B%22value_role%22%3A%22administrator%22%7D%5D&#8221; css_params=&#8221;&#8221; el_class=&#8221;mlh_tintar_bg&#8221;][vc_row gap=&#8221;35&#8243; conditional_render=&#8221;%5B%7B%22value_role%22%3A%22administrator%22%7D%5D&#8221; css_params=&#8221;&#8221;][vc_column width=&#8221;2\/3&#8243;][vc_custom_heading text=&#8221;Dret Mercantil&#8221; use_theme_fonts=&#8221;yes&#8221; css_params=&#8221;&#8221; el_class=&#8221;mlh_text_shine&#8221;][vc_column_text css=&#8221;&#8221; css_params=&#8221;&#8221; el_class=&#8221;mlh_text_shine&#8221;]<\/p>\n<p class=\"MsoNormal\">Brindem assessorament integral per a empreses, emprenedors i negocis, ajudant a garantir seguretat jur\u00eddica en totes les operacions comercials:<\/p>\n<ul>\n<li>Constituci\u00f3 de <strong>societats i empreses<\/strong>.<\/li>\n<li>Redacci\u00f3 i negociaci\u00f3 de <strong>contractes mercantils<\/strong> i acords comercials.<\/li>\n<li>Fusions, adquisicions i reestructuracions empresarials.<\/li>\n<li>Assessorament en <strong>dret societari<\/strong> i compliment de les obligacions legals.<\/li>\n<li>Resoluci\u00f3 de <strong>conflictes entre socis o amb tercers<\/strong>.<\/li>\n<\/ul>\n<p class=\"MsoNormal\">El nostre enfocament combina estrat\u00e8gia legal i visi\u00f3 empresarial, garantint decisions segures i sostenibles.<\/p>\n<p>[\/vc_column_text][\/vc_column][vc_column width=&#8221;1\/3&#8243;][vc_single_image image=&#8221;514&#8243; img_size=&#8221;full&#8221; css=&#8221;.vc_custom_1760535046302{border-top-width: 2px !important;border-right-width: 2px !important;border-bottom-width: 2px !important;border-left-width: 2px !important;border-left-style: solid !important;border-right-style: solid !important;border-top-style: solid !important;border-bottom-style: solid !important;border-color: #0a0a0a !important;}&#8221; img_object=&#8221;cover&#8221; img_pos=&#8221;center right&#8221; img_width=&#8221;{&#8220;xl&#8220;:&#8220;100&#8220;,&#8220;unit&#8220;:&#8220;%&#8220;,&#8220;xs&#8220;:&#8220;&#8220;,&#8220;sm&#8220;:&#8220;&#8220;,&#8220;md&#8220;:&#8220;&#8220;,&#8220;lg&#8220;:&#8220;&#8220;}&#8221; img_height=&#8221;{&#8220;xl&#8220;:&#8220;330&#8220;,&#8220;unit&#8220;:&#8220;&#8220;,&#8220;xs&#8220;:&#8220;&#8220;,&#8220;sm&#8220;:&#8220;&#8220;,&#8220;md&#8220;:&#8220;&#8220;,&#8220;lg&#8220;:&#8220;&#8220;}&#8221; css_params=&#8221;&#8221;][\/vc_column][\/vc_row][\/vc_section][vc_section full_width=&#8221;stretch_row&#8221; css=&#8221;.vc_custom_1760451523860{padding-top: 80px !important;padding-bottom: 80px !important;}&#8221; conditional_render=&#8221;%5B%7B%22value_role%22%3A%22administrator%22%7D%5D&#8221; css_params=&#8221;&#8221;][vc_row gap=&#8221;35&#8243; conditional_render=&#8221;%5B%7B%22value_role%22%3A%22administrator%22%7D%5D&#8221; css_params=&#8221;&#8221;][vc_column width=&#8221;1\/3&#8243; el_class=&#8221;mlh_orden_despues&#8221; conditional_render=&#8221;%5B%7B%22value_role%22%3A%22administrator%22%7D%5D&#8221; css_params=&#8221;&#8221;][vc_single_image image=&#8221;515&#8243; img_size=&#8221;full&#8221; css=&#8221;.vc_custom_1760535067522{border-top-width: 2px !important;border-right-width: 2px !important;border-bottom-width: 2px !important;border-left-width: 2px !important;border-left-style: solid !important;border-right-style: solid !important;border-top-style: solid !important;border-bottom-style: solid !important;border-color: #0a0a0a !important;}&#8221; img_object=&#8221;cover&#8221; img_pos=&#8221;top center&#8221; img_width=&#8221;{&#8220;xl&#8220;:&#8220;100&#8220;,&#8220;unit&#8220;:&#8220;%&#8220;,&#8220;xs&#8220;:&#8220;&#8220;,&#8220;sm&#8220;:&#8220;&#8220;,&#8220;md&#8220;:&#8220;&#8220;,&#8220;lg&#8220;:&#8220;&#8220;}&#8221; img_height=&#8221;{&#8220;xl&#8220;:&#8220;305&#8220;,&#8220;unit&#8220;:&#8220;&#8220;,&#8220;xs&#8220;:&#8220;&#8220;,&#8220;sm&#8220;:&#8220;&#8220;,&#8220;md&#8220;:&#8220;&#8220;,&#8220;lg&#8220;:&#8220;&#8220;}&#8221; css_params=&#8221;&#8221;][\/vc_column][vc_column width=&#8221;2\/3&#8243;][vc_custom_heading text=&#8221;Dret Immobiliari&#8221; use_theme_fonts=&#8221;yes&#8221; css_params=&#8221;&#8221;][vc_column_text css=&#8221;&#8221; css_params=&#8221;&#8221;]Oferim assist\u00e8ncia completa en operacions i conflictes relacionats amb b\u00e9ns immobles:<\/p>\n<ul>\n<li>Compra, venda i arrendament de <strong>propietats<\/strong>.<\/li>\n<li>Revisi\u00f3 i redacci\u00f3 de <strong>contractes immobiliaris<\/strong>.<\/li>\n<li>Assessorament en <strong>comunitats de propietaris<\/strong> i conflictes ve\u00efnals.<\/li>\n<li>Gesti\u00f3 de<strong> desnonaments, reclamacions d&#8217;impagaments i litigis.<\/strong><\/li>\n<li>Planificaci\u00f3 legal en inversions immobili\u00e0ries i desenvolupament de projectes.<\/li>\n<\/ul>\n<p>Ens assegurem que cada transacci\u00f3 sigui segura, transparent i conforme a la llei.[\/vc_column_text][\/vc_column][\/vc_row][\/vc_section][vc_section full_width=&#8221;stretch_row&#8221; css=&#8221;.vc_custom_1760452451790{padding-top: 80px !important;padding-bottom: 80px !important;background-image: url(https:\/\/esquerraabogados.es\/wp-content\/uploads\/2025\/10\/textura-1-scaled.jpg?id=347) !important;background-position: center !important;background-repeat: no-repeat !important;background-size: cover !important;}&#8221; conditional_render=&#8221;%5B%7B%22value_role%22%3A%22administrator%22%7D%5D&#8221; css_params=&#8221;&#8221; el_class=&#8221;mlh_tintar_bg&#8221;][vc_row gap=&#8221;35&#8243; conditional_render=&#8221;%5B%7B%22value_role%22%3A%22administrator%22%7D%5D&#8221; css_params=&#8221;&#8221;][vc_column width=&#8221;2\/3&#8243;][vc_custom_heading text=&#8221;Estrangeria&#8221; use_theme_fonts=&#8221;yes&#8221; css_params=&#8221;&#8221; el_class=&#8221;mlh_text_shine&#8221;][vc_column_text css=&#8221;&#8221; css_params=&#8221;&#8221; el_class=&#8221;mlh_text_shine&#8221;]Acompanyem persones estrangeres en tots els tr\u00e0mits legals necessaris per residir, treballar o estudiar a Espanya:<\/p>\n<ul>\n<li><strong>Visats, permisos de resid\u00e8ncia i treball.<\/strong><\/li>\n<li>Sol\u00b7licitud de <strong>nacionalitat espanyola<\/strong>.<\/li>\n<li>Regularitzaci\u00f3 de situaci\u00f3 legal i renovaci\u00f3 de permisos.<\/li>\n<li>Assessorament en <strong>reagrupament familiar<\/strong> i estades perllongades.<\/li>\n<li>Defensa en procediments administratius i recursos davant de l&#8217;<strong>administraci\u00f3 p\u00fablica.<\/strong><\/li>\n<\/ul>\n<p>El nostre equip garanteix un assessorament r\u00e0pid i efica\u00e7, simplificant processos i evitant complicacions legals.[\/vc_column_text][\/vc_column][vc_column width=&#8221;1\/3&#8243;][vc_single_image image=&#8221;516&#8243; img_size=&#8221;full&#8221; css=&#8221;.vc_custom_1760535090066{border-top-width: 2px !important;border-right-width: 2px !important;border-bottom-width: 2px !important;border-left-width: 2px !important;border-left-style: solid !important;border-right-style: solid !important;border-top-style: solid !important;border-bottom-style: solid !important;border-color: #0a0a0a !important;}&#8221; img_object=&#8221;cover&#8221; img_pos=&#8221;center center&#8221; img_width=&#8221;{&#8220;xl&#8220;:&#8220;100&#8220;,&#8220;unit&#8220;:&#8220;%&#8220;,&#8220;xs&#8220;:&#8220;&#8220;,&#8220;sm&#8220;:&#8220;&#8220;,&#8220;md&#8220;:&#8220;&#8220;,&#8220;lg&#8220;:&#8220;&#8220;}&#8221; img_height=&#8221;{&#8220;xl&#8220;:&#8220;350&#8220;,&#8220;unit&#8220;:&#8220;&#8220;,&#8220;xs&#8220;:&#8220;&#8220;,&#8220;sm&#8220;:&#8220;&#8220;,&#8220;md&#8220;:&#8220;&#8220;,&#8220;lg&#8220;:&#8220;&#8220;}&#8221; css_params=&#8221;&#8221;][\/vc_column][\/vc_row][\/vc_section][vc_row][vc_column]<div class=\"porto-block\" data-id=\"535\"><style>.vc_custom_1760527325168{padding-top: 80px !important;padding-bottom: 80px !important;background-color: var(--porto-primary-color) !important;}.vc_custom_1760527601316{margin-bottom: 50px !important;}.vc_custom_1760527431499{margin-bottom: 0px !important;}.wpb_custom_3b2da19f968f9bddca504b9df0c2effd > .wpb_wrapper > *{color: #ffffff;}<\/style>[vc_section full_width=\"stretch_row\" css=\".vc_custom_1760527325168{padding-top: 80px !important;padding-bottom: 80px !important;background-color: var(--porto-primary-color) !important;}\" conditional_render=\"%5B%7B%22value_role%22%3A%22administrator%22%7D%5D\" css_params=\"\"][vc_row][vc_column width=\"1\/5\" conditional_render=\"%5B%7B%22value_role%22%3A%22administrator%22%7D%5D\" css_params=\"\"][\/vc_column][vc_column width=\"3\/5\" text_align=\"center\" conditional_render=\"%5B%7B%22value_role%22%3A%22administrator%22%7D%5D\" css_params=\"\"][vc_custom_heading text=\"Atenci\u00f3 personalitzada\" font_container=\"tag:h2|text_align:center|color:%23ffffff\" use_theme_fonts=\"yes\" css_params=\"\"][vc_column_text css=\".vc_custom_1760527601316{margin-bottom: 50px !important;}\" text_color=\"#ffffff\" css_params=\"\"]<\/p>\r\n<p class=\"MsoNormal\">Us proporcionem la seguretat i el coneixement que necessiteu per prendre decisions informades i assolir els vostres objectius.<\/p>\r\n<p class=\"MsoNormal\"><strong>No dubteu a posar-vos en contacte amb nosaltres. Estarem encantats d'atendre-us i oferir-vos la millor soluci\u00f3 per a les vostres necessitats. <\/strong><\/p>\r\n<p>[\/vc_column_text][vc_btn title=\"Demaneu cita\" css=\".vc_custom_1760527431499{margin-bottom: 0px !important;}\" link=\"url:https%3A%2F%2Fesquerraabogados.es%2Fca%2F%23contacte|\" el_class=\"mlh_btn_inv\" css_params=\"\"][\/vc_column][vc_column width=\"1\/5\"][\/vc_column][\/vc_row][\/vc_section]<\/div>[\/vc_column][\/vc_row]<\/p>\n<\/div>","protected":false},"excerpt":{"rendered":"<p>[vc_section full_width=&#8221;stretch_row&#8221; css=&#8221;.vc_custom_1760451523860{padding-top: 80px !important;padding-bottom: 80px !important;}&#8221; conditional_render=&#8221;%5B%7B%22value_role%22%3A%22administrator%22%7D%5D&#8221; css_params=&#8221;&#8221;][vc_row gap=&#8221;35&#8243; conditional_render=&#8221;%5B%7B%22value_role%22%3A%22administrator%22%7D%5D&#8221; css_params=&#8221;&#8221;][vc_column width=&#8221;1\/3&#8243; el_class=&#8221;mlh_orden_despues&#8221; conditional_render=&#8221;%5B%7B%22value_role%22%3A%22administrator%22%7D%5D&#8221; css_params=&#8221;&#8221;][vc_single_image image=&#8221;511&#8243; img_size=&#8221;full&#8221; css=&#8221;.vc_custom_1760534919595{border-top-width: 2px !important;border-right-width: 2px !important;border-bottom-width: 2px !important;border-left-width: 2px !important;border-left-style: solid !important;border-right-style: solid !important;border-top-style: solid !important;border-bottom-style: solid !important;border-color: #0a0a0a !important;}&#8221; img_object=&#8221;cover&#8221; img_pos=&#8221;center center&#8221; img_width=&#8221;{&#8220;xl&#8220;:&#8220;100&#8220;,&#8220;unit&#8220;:&#8220;%&#8220;,&#8220;xs&#8220;:&#8220;&#8220;,&#8220;sm&#8220;:&#8220;&#8220;,&#8220;md&#8220;:&#8220;&#8220;,&#8220;lg&#8220;:&#8220;&#8220;}&#8221; img_height=&#8221;{&#8220;xl&#8220;:&#8220;410&#8220;,&#8220;unit&#8220;:&#8220;&#8220;,&#8220;xs&#8220;:&#8220;&#8220;,&#8220;sm&#8220;:&#8220;&#8220;,&#8220;md&#8220;:&#8220;&#8220;,&#8220;lg&#8220;:&#8220;&#8220;}&#8221; css_params=&#8221;&#8221;][\/vc_column][vc_column width=&#8221;2\/3&#8243;][vc_custom_heading text=&#8221;Dret Civil&#8221; use_theme_fonts=&#8221;yes&#8221; css_params=&#8221;&#8221;][vc_column_text css=&#8221;&#8221; css_params=&#8221;&#8221;]Ens ocupem de totes les \u00e0rees [&hellip;]<\/p>\n","protected":false},"author":5,"featured_media":0,"parent":0,"menu_order":0,"comment_status":"closed","ping_status":"closed","template":"","meta":{"_seopress_robots_primary_cat":"","_seopress_titles_title":"%%sitetitle%% %%sep%% %%post_title%%","_seopress_titles_desc":"Assessorament jur\u00eddic integral: civil, penal, laboral, mercantil, immobiliari i estrangeria. Solucions clares i eficaces.","_seopress_robots_index":"","footnotes":""},"class_list":["post-517","page","type-page","status-publish","hentry"],"_links":{"self":[{"href":"https:\/\/esquerraabogados.es\/ca\/wp-json\/wp\/v2\/pages\/517","targetHints":{"allow":["GET"]}}],"collection":[{"href":"https:\/\/esquerraabogados.es\/ca\/wp-json\/wp\/v2\/pages"}],"about":[{"href":"https:\/\/esquerraabogados.es\/ca\/wp-json\/wp\/v2\/types\/page"}],"author":[{"embeddable":true,"href":"https:\/\/esquerraabogados.es\/ca\/wp-json\/wp\/v2\/users\/5"}],"replies":[{"embeddable":true,"href":"https:\/\/esquerraabogados.es\/ca\/wp-json\/wp\/v2\/comments?post=517"}],"version-history":[{"count":2,"href":"https:\/\/esquerraabogados.es\/ca\/wp-json\/wp\/v2\/pages\/517\/revisions"}],"predecessor-version":[{"id":520,"href":"https:\/\/esquerraabogados.es\/ca\/wp-json\/wp\/v2\/pages\/517\/revisions\/520"}],"wp:attachment":[{"href":"https:\/\/esquerraabogados.es\/ca\/wp-json\/wp\/v2\/media?parent=517"}],"curies":[{"name":"wp","href":"https:\/\/api.w.org\/{rel}","templated":true}]}}