{"id":524,"date":"2025-10-14T16:37:49","date_gmt":"2025-10-14T15:37:49","guid":{"rendered":"https:\/\/staging.microlabhard.com\/esquerraabogados\/serveis-dassessorament\/"},"modified":"2025-11-06T16:25:20","modified_gmt":"2025-11-06T15:25:20","slug":"serveis-dassessorament","status":"publish","type":"page","link":"https:\/\/esquerraabogados.es\/ca\/serveis-dassessorament\/","title":{"rendered":"Serveis d&#8217;assessorament"},"content":{"rendered":"<div class=\"wpb-content-wrapper\"><p>[vc_section full_width=&#8221;stretch_row&#8221; css=&#8221;.vc_custom_1760451523860{padding-top: 80px !important;padding-bottom: 80px !important;}&#8221; conditional_render=&#8221;%5B%7B%22value_role%22%3A%22administrator%22%7D%5D&#8221; css_params=&#8221;&#8221;][vc_row gap=&#8221;35&#8243; conditional_render=&#8221;%5B%7B%22value_role%22%3A%22administrator%22%7D%5D&#8221; css_params=&#8221;&#8221;][vc_column width=&#8221;1\/3&#8243; el_class=&#8221;mlh_orden_despues&#8221; conditional_render=&#8221;%5B%7B%22value_role%22%3A%22administrator%22%7D%5D&#8221; css_params=&#8221;&#8221;][vc_single_image image=&#8221;513&#8243; img_size=&#8221;full&#8221; css=&#8221;.vc_custom_1762330964929{border-top-width: 2px !important;border-right-width: 2px !important;border-bottom-width: 2px !important;border-left-width: 2px !important;border-left-style: solid !important;border-right-style: solid !important;border-top-style: solid !important;border-bottom-style: solid !important;border-color: #0a0a0a !important;}&#8221; img_object=&#8221;cover&#8221; img_pos=&#8221;center right&#8221; img_width=&#8221;{&#8220;xl&#8220;:&#8220;100&#8220;,&#8220;unit&#8220;:&#8220;%&#8220;,&#8220;xs&#8220;:&#8220;&#8220;,&#8220;sm&#8220;:&#8220;&#8220;,&#8220;md&#8220;:&#8220;&#8220;,&#8220;lg&#8220;:&#8220;&#8220;}&#8221; img_height=&#8221;{&#8220;xl&#8220;:&#8220;375&#8220;,&#8220;unit&#8220;:&#8220;&#8220;,&#8220;xs&#8220;:&#8220;&#8220;,&#8220;sm&#8220;:&#8220;&#8220;,&#8220;md&#8220;:&#8220;&#8220;,&#8220;lg&#8220;:&#8220;&#8220;}&#8221; css_params=&#8221;&#8221;][\/vc_column][vc_column width=&#8221;2\/3&#8243;][vc_custom_heading text=&#8221;Assessorament laboral&#8221; use_theme_fonts=&#8221;yes&#8221; css_params=&#8221;&#8221;][vc_column_text css=&#8221;&#8221; css_params=&#8221;&#8221;]Oferim un servei integral d&#8217;assessorament laboral per a empreses i treballadors, ajudant a garantir el compliment legal i la gesti\u00f3 correcta de relacions laborals:<\/p>\n<ul>\n<li>Elaboraci\u00f3 i revisi\u00f3 de <strong>contractes de treball<\/strong> adaptats a la normativa vigent.<\/li>\n<li>Gesti\u00f3 de <strong>n\u00f2mines, altes, baixes i cotitzacions<\/strong> davant de la Seguretat Social.<\/li>\n<li>Assessorament en mat\u00e8ria de <strong>despidos, reclamacions salarials i conflictes laborals<\/strong>.<\/li>\n<li>Disseny de <strong>pol\u00edtiques internes i manuals de treballadors<\/strong>.<\/li>\n<li>Orientaci\u00f3 sobre <strong>negociaci\u00f3 col\u00b7lectiva i convenis sectorials<\/strong>.<\/li>\n<\/ul>\n<p>El nostre objectiu \u00e9s prevenir conflictes, optimitzar la gesti\u00f3 laboral i protegir els drets de totes les parts implicades.[\/vc_column_text][\/vc_column][\/vc_row][\/vc_section][vc_section full_width=&#8221;stretch_row&#8221; css=&#8221;.vc_custom_1760452451790{padding-top: 80px !important;padding-bottom: 80px !important;background-image: url(https:\/\/esquerraabogados.es\/wp-content\/uploads\/2025\/10\/textura-1-scaled.jpg?id=347) !important;background-position: center !important;background-repeat: no-repeat !important;background-size: cover !important;}&#8221; conditional_render=&#8221;%5B%7B%22value_role%22%3A%22administrator%22%7D%5D&#8221; css_params=&#8221;&#8221; el_class=&#8221;mlh_tintar_bg&#8221;][vc_row gap=&#8221;35&#8243; conditional_render=&#8221;%5B%7B%22value_role%22%3A%22administrator%22%7D%5D&#8221; css_params=&#8221;&#8221;][vc_column width=&#8221;2\/3&#8243;][vc_custom_heading text=&#8221;Assessorament comptable i fiscal&#8221; use_theme_fonts=&#8221;yes&#8221; css_params=&#8221;&#8221;][vc_column_text css=&#8221;&#8221; css_params=&#8221;&#8221;]Oferim un servei complet d&#8217;assessorament comptable i fiscal dirigit a empreses, aut\u00f2noms i particulars, garantint el compliment de les obligacions tribut\u00e0ries i una gesti\u00f3 econ\u00f2mica eficient:<\/p>\n<ul>\n<li>Elaboraci\u00f3 i supervisi\u00f3 de la <strong>comptabilitat <\/strong>d&#8217;acord amb la normativa vigent.<\/li>\n<li>Preparaci\u00f3 i presentaci\u00f3 de <strong>declaracions fiscals<\/strong> peri\u00f2diques (IVA, IRPF, impost sobre societats, etc.).<\/li>\n<li><strong>Planificaci\u00f3 fiscal <\/strong>orientada a optimitzar la c\u00e0rrega impositiva.<\/li>\n<li>Assist\u00e8ncia en <strong>inspeccions<\/strong> i <strong>procediments tributaris<\/strong>.<\/li>\n<li>Elaboraci\u00f3 <strong>d&#8217;informes financers<\/strong> i an\u00e0lisi de balan\u00e7os.<\/li>\n<\/ul>\n<p>El nostre objectiu \u00e9s oferir una gesti\u00f3 transparent i efica\u00e7 que faciliti la presa de decisions i contribueixi al creixement sostenible del negoci.[\/vc_column_text][\/vc_column][vc_column width=&#8221;1\/3&#8243;][vc_single_image image=&#8221;521&#8243; img_size=&#8221;full&#8221; css=&#8221;.vc_custom_1762337523150{border-top-width: 2px !important;border-right-width: 2px !important;border-bottom-width: 2px !important;border-left-width: 2px !important;border-left-style: solid !important;border-right-style: solid !important;border-top-style: solid !important;border-bottom-style: solid !important;border-color: #0a0a0a !important;}&#8221; img_object=&#8221;cover&#8221; img_pos=&#8221;center right&#8221; img_width=&#8221;{&#8220;xl&#8220;:&#8220;100&#8220;,&#8220;unit&#8220;:&#8220;%&#8220;,&#8220;xs&#8220;:&#8220;&#8220;,&#8220;sm&#8220;:&#8220;&#8220;,&#8220;md&#8220;:&#8220;&#8220;,&#8220;lg&#8220;:&#8220;&#8220;}&#8221; img_height=&#8221;{&#8220;xl&#8220;:&#8220;375&#8220;,&#8220;unit&#8220;:&#8220;&#8220;,&#8220;xs&#8220;:&#8220;&#8220;,&#8220;sm&#8220;:&#8220;&#8220;,&#8220;md&#8220;:&#8220;&#8220;,&#8220;lg&#8220;:&#8220;&#8220;}&#8221; css_params=&#8221;&#8221; label=&#8221;&#8221;][\/vc_column][\/vc_row][\/vc_section][vc_section full_width=&#8221;stretch_row&#8221; css=&#8221;.vc_custom_1760451523860{padding-top: 80px !important;padding-bottom: 80px !important;}&#8221; conditional_render=&#8221;%5B%7B%22value_role%22%3A%22administrator%22%7D%5D&#8221; css_params=&#8221;&#8221;][vc_row gap=&#8221;35&#8243; conditional_render=&#8221;%5B%7B%22value_role%22%3A%22administrator%22%7D%5D&#8221; css_params=&#8221;&#8221;][vc_column width=&#8221;1\/3&#8243; el_class=&#8221;mlh_orden_despues&#8221; conditional_render=&#8221;%5B%7B%22value_role%22%3A%22administrator%22%7D%5D&#8221; css_params=&#8221;&#8221;][vc_single_image image=&#8221;515&#8243; img_size=&#8221;full&#8221; css=&#8221;.vc_custom_1760535170991{border-top-width: 2px !important;border-right-width: 2px !important;border-bottom-width: 2px !important;border-left-width: 2px !important;border-left-style: solid !important;border-right-style: solid !important;border-top-style: solid !important;border-bottom-style: solid !important;border-color: #0a0a0a !important;}&#8221; img_object=&#8221;cover&#8221; img_pos=&#8221;center center&#8221; img_width=&#8221;{&#8220;xl&#8220;:&#8220;100&#8220;,&#8220;unit&#8220;:&#8220;%&#8220;,&#8220;xs&#8220;:&#8220;&#8220;,&#8220;sm&#8220;:&#8220;&#8220;,&#8220;md&#8220;:&#8220;&#8220;,&#8220;lg&#8220;:&#8220;&#8220;}&#8221; img_height=&#8221;{&#8220;xl&#8220;:&#8220;400&#8220;,&#8220;unit&#8220;:&#8220;&#8220;,&#8220;xs&#8220;:&#8220;&#8220;,&#8220;sm&#8220;:&#8220;&#8220;,&#8220;md&#8220;:&#8220;&#8220;,&#8220;lg&#8220;:&#8220;&#8220;}&#8221; css_params=&#8221;&#8221;][\/vc_column][vc_column width=&#8221;2\/3&#8243;][vc_custom_heading text=&#8221;Assessorament Immobiliari&#8221; use_theme_fonts=&#8221;yes&#8221; css_params=&#8221;&#8221; el_class=&#8221;mlh_text_shine&#8221;][vc_column_text css=&#8221;&#8221; css_params=&#8221;&#8221; el_class=&#8221;mlh_text_shine&#8221;]Brindem suport expert per a empreses i particulars en totes les operacions relacionades amb b\u00e9ns immobles, garantint seguretat jur\u00eddica i efici\u00e8ncia en la gesti\u00f3:<\/p>\n<ul>\n<li>Redacci\u00f3, revisi\u00f3 i negociaci\u00f3 de <strong>contractes de compravenda i arrendament<\/strong>.<\/li>\n<li>Assessorament en <strong>comunitats de propietaris<\/strong> i resoluci\u00f3 de conflictes ve\u00efnals.<\/li>\n<li>Planificaci\u00f3 legal en <strong>projectes dinversi\u00f3 i desenvolupament immobiliari.<\/strong><\/li>\n<li>Gesti\u00f3 de <strong>desnonaments, reclamacions d&#8217;impagaments i litigis immobiliaris<\/strong>.<\/li>\n<li>Orientaci\u00f3 en <strong>tr\u00e0mits registrals i administratius relacionats<\/strong> amb les propietats.<\/li>\n<\/ul>\n<p>El nostre enfocament assegura que cada operaci\u00f3 es faci amb transpar\u00e8ncia i complint la normativa vigent.[\/vc_column_text][\/vc_column][\/vc_row][\/vc_section][vc_section full_width=&#8221;stretch_row&#8221; css=&#8221;.vc_custom_1760452451790{padding-top: 80px !important;padding-bottom: 80px !important;background-image: url(https:\/\/esquerraabogados.es\/wp-content\/uploads\/2025\/10\/textura-1-scaled.jpg?id=347) !important;background-position: center !important;background-repeat: no-repeat !important;background-size: cover !important;}&#8221; conditional_render=&#8221;%5B%7B%22value_role%22%3A%22administrator%22%7D%5D&#8221; css_params=&#8221;&#8221; el_class=&#8221;mlh_tintar_bg&#8221;][vc_row gap=&#8221;35&#8243; conditional_render=&#8221;%5B%7B%22value_role%22%3A%22administrator%22%7D%5D&#8221; css_params=&#8221;&#8221;][vc_column width=&#8221;2\/3&#8243;][vc_custom_heading text=&#8221;Assessorament a Estrangeria&#8221; use_theme_fonts=&#8221;yes&#8221; css_params=&#8221;&#8221;][vc_column_text css=&#8221;&#8221; css_params=&#8221;&#8221;]Acompanyem persones estrangeres a Espanya amb assessorament especialitzat i gesti\u00f3 de tots els tr\u00e0mits legals:<\/p>\n<ul>\n<li>Sol\u00b7licitud de <strong>visats, permisos de resid\u00e8ncia i treball<\/strong>.<\/li>\n<li>Tr\u00e0mits per a la<strong> nacionalitat espanyola<\/strong> i renovaci\u00f3 de permisos.<\/li>\n<li>Assessorament en <strong>reagrupament familiar<\/strong> i estades prolongades.<\/li>\n<li>Regularitzaci\u00f3 de la situaci\u00f3 legal davant de<strong> l&#8217;administraci\u00f3 p\u00fablica<\/strong>.<\/li>\n<li>Defensa i recursos en <strong>procediments administratius d&#8217;estrangeria.<\/strong><\/li>\n<\/ul>\n<p>El nostre equip facilita processos complexos, assegurant rapidesa i compliment de la normativa.[\/vc_column_text][\/vc_column][vc_column width=&#8221;1\/3&#8243;][vc_single_image image=&#8221;516&#8243; img_size=&#8221;full&#8221; css=&#8221;.vc_custom_1760535191190{border-top-width: 2px !important;border-right-width: 2px !important;border-bottom-width: 2px !important;border-left-width: 2px !important;border-left-style: solid !important;border-right-style: solid !important;border-top-style: solid !important;border-bottom-style: solid !important;border-color: #0a0a0a !important;}&#8221; img_object=&#8221;cover&#8221; img_pos=&#8221;center right&#8221; img_width=&#8221;{&#8220;xl&#8220;:&#8220;100&#8220;,&#8220;unit&#8220;:&#8220;%&#8220;,&#8220;xs&#8220;:&#8220;&#8220;,&#8220;sm&#8220;:&#8220;&#8220;,&#8220;md&#8220;:&#8220;&#8220;,&#8220;lg&#8220;:&#8220;&#8220;}&#8221; img_height=&#8221;{&#8220;xl&#8220;:&#8220;325&#8220;,&#8220;unit&#8220;:&#8220;&#8220;,&#8220;xs&#8220;:&#8220;&#8220;,&#8220;sm&#8220;:&#8220;&#8220;,&#8220;md&#8220;:&#8220;&#8220;,&#8220;lg&#8220;:&#8220;&#8220;}&#8221; css_params=&#8221;&#8221;][\/vc_column][\/vc_row][\/vc_section][vc_section full_width=&#8221;stretch_row&#8221; css=&#8221;.vc_custom_1760451523860{padding-top: 80px !important;padding-bottom: 80px !important;}&#8221; conditional_render=&#8221;%5B%7B%22value_role%22%3A%22administrator%22%7D%5D&#8221; css_params=&#8221;&#8221;][vc_row gap=&#8221;35&#8243; conditional_render=&#8221;%5B%7B%22value_role%22%3A%22administrator%22%7D%5D&#8221; css_params=&#8221;&#8221;][vc_column width=&#8221;1\/3&#8243; el_class=&#8221;mlh_orden_despues&#8221; conditional_render=&#8221;%5B%7B%22value_role%22%3A%22administrator%22%7D%5D&#8221; css_params=&#8221;&#8221;][vc_single_image image=&#8221;522&#8243; img_size=&#8221;full&#8221; css=&#8221;.vc_custom_1760535213745{border-top-width: 2px !important;border-right-width: 2px !important;border-bottom-width: 2px !important;border-left-width: 2px !important;border-left-style: solid !important;border-right-style: solid !important;border-top-style: solid !important;border-bottom-style: solid !important;border-color: #0a0a0a !important;}&#8221; img_object=&#8221;cover&#8221; img_pos=&#8221;center center&#8221; img_width=&#8221;{&#8220;xl&#8220;:&#8220;100&#8220;,&#8220;unit&#8220;:&#8220;%&#8220;,&#8220;xs&#8220;:&#8220;&#8220;,&#8220;sm&#8220;:&#8220;&#8220;,&#8220;md&#8220;:&#8220;&#8220;,&#8220;lg&#8220;:&#8220;&#8220;}&#8221; img_height=&#8221;{&#8220;xl&#8220;:&#8220;330&#8220;,&#8220;unit&#8220;:&#8220;&#8220;,&#8220;xs&#8220;:&#8220;&#8220;,&#8220;sm&#8220;:&#8220;&#8220;,&#8220;md&#8220;:&#8220;&#8220;,&#8220;lg&#8220;:&#8220;&#8220;}&#8221; css_params=&#8221;&#8221;][\/vc_column][vc_column width=&#8221;2\/3&#8243;][vc_custom_heading text=&#8221;Protecci\u00f3 de Dades&#8221; use_theme_fonts=&#8221;yes&#8221; css_params=&#8221;&#8221; el_class=&#8221;mlh_text_shine&#8221;][vc_column_text css=&#8221;&#8221; css_params=&#8221;&#8221; el_class=&#8221;mlh_text_shine&#8221;]<\/p>\n<p class=\"MsoNormal\">Garantim que la teva empresa o projecte compleixi amb la legislaci\u00f3 de protecci\u00f3 de dades (GDPR\/LOPDGDD), minimitzant riscos legals i reputacionals:<\/p>\n<ul>\n<li>Auditories i diagn\u00f2stic de<strong> compliment normatiu<\/strong>.<\/li>\n<li>Elaboraci\u00f3 de <strong>pol\u00edtiques de privadesa i avisos legals.<\/strong><\/li>\n<li>Gesti\u00f3 de <strong>consentiments, bases de dades i contractes amb tercers.<\/strong><\/li>\n<li>Formaci\u00f3 i sensibilitzaci\u00f3 dequips interns sobre <strong>protecci\u00f3 de dades<\/strong>.<\/li>\n<li>Assist\u00e8ncia davant d&#8217;<strong>inspeccions i sancions de l&#8217;autoritat de control.<\/strong><\/li>\n<\/ul>\n<p class=\"MsoNormal\">Ens assegurem que els teus processos siguin segurs, legals i respectuosos amb la privadesa dels teus clients i empleats.<\/p>\n<p>[\/vc_column_text][\/vc_column][\/vc_row][\/vc_section][vc_section full_width=&#8221;stretch_row&#8221; css=&#8221;.vc_custom_1760452451790{padding-top: 80px !important;padding-bottom: 80px !important;background-image: url(https:\/\/esquerraabogados.es\/wp-content\/uploads\/2025\/10\/textura-1-scaled.jpg?id=347) !important;background-position: center !important;background-repeat: no-repeat !important;background-size: cover !important;}&#8221; conditional_render=&#8221;%5B%7B%22value_role%22%3A%22administrator%22%7D%5D&#8221; css_params=&#8221;&#8221; el_class=&#8221;mlh_tintar_bg&#8221;][vc_row gap=&#8221;35&#8243; conditional_render=&#8221;%5B%7B%22value_role%22%3A%22administrator%22%7D%5D&#8221; css_params=&#8221;&#8221;][vc_column width=&#8221;2\/3&#8243;][vc_custom_heading text=&#8221;Prevenci\u00f3 de Riscos Laborals&#8221; use_theme_fonts=&#8221;yes&#8221; css_params=&#8221;&#8221;][vc_column_text css=&#8221;&#8221; css_params=&#8221;&#8221;]<\/p>\n<p class=\"MsoNormal\">Ayudamos a empresas a cumplir con la normativa de prevenci\u00f3n de riesgos laborales, promoviendo un entorno seguro y saludable:<\/p>\n<ul>\n<li>Avaluaci\u00f3 i gesti\u00f3 de <strong>riscos laborals<\/strong> al lloc de treball.<\/li>\n<li>Desenvolupament de <strong>plans de prevenci\u00f3 i protocols de seguretat.<\/strong><\/li>\n<li>Assessorament en <strong>obligacions legals i documentaci\u00f3 preventiva<\/strong>.<\/li>\n<li>Formaci\u00f3 i sensibilitzaci\u00f3 del personal en <strong>prevenci\u00f3 d&#8217;accidents i salut laboral.<\/strong><\/li>\n<li>Representaci\u00f3n ante inspecciones y requerimientos de la <strong>autoridad laboral<\/strong>.<\/li>\n<\/ul>\n<p class=\"MsoNormal\">El nostre objectiu \u00e9s reduir riscos, protegir els treballadors i garantir que l&#8217;empresa compleixi la legislaci\u00f3 vigent.<\/p>\n<p>[\/vc_column_text][\/vc_column][vc_column width=&#8221;1\/3&#8243;][vc_single_image image=&#8221;523&#8243; img_size=&#8221;full&#8221; css=&#8221;.vc_custom_1760535236014{border-top-width: 2px !important;border-right-width: 2px !important;border-bottom-width: 2px !important;border-left-width: 2px !important;border-left-style: solid !important;border-right-style: solid !important;border-top-style: solid !important;border-bottom-style: solid !important;border-color: #0a0a0a !important;}&#8221; img_object=&#8221;cover&#8221; img_pos=&#8221;center center&#8221; img_width=&#8221;{&#8220;xl&#8220;:&#8220;100&#8220;,&#8220;unit&#8220;:&#8220;%&#8220;,&#8220;xs&#8220;:&#8220;&#8220;,&#8220;sm&#8220;:&#8220;&#8220;,&#8220;md&#8220;:&#8220;&#8220;,&#8220;lg&#8220;:&#8220;&#8220;}&#8221; img_height=&#8221;{&#8220;xl&#8220;:&#8220;355&#8220;,&#8220;unit&#8220;:&#8220;&#8220;,&#8220;xs&#8220;:&#8220;&#8220;,&#8220;sm&#8220;:&#8220;&#8220;,&#8220;md&#8220;:&#8220;&#8220;,&#8220;lg&#8220;:&#8220;&#8220;}&#8221; css_params=&#8221;&#8221;][\/vc_column][\/vc_row][\/vc_section][vc_row][vc_column]<div class=\"porto-block\" data-id=\"535\"><style>.vc_custom_1760527325168{padding-top: 80px !important;padding-bottom: 80px !important;background-color: var(--porto-primary-color) !important;}.vc_custom_1760527601316{margin-bottom: 50px !important;}.vc_custom_1760527431499{margin-bottom: 0px !important;}.wpb_custom_3b2da19f968f9bddca504b9df0c2effd > .wpb_wrapper > *{color: #ffffff;}<\/style>[vc_section full_width=\"stretch_row\" css=\".vc_custom_1760527325168{padding-top: 80px !important;padding-bottom: 80px !important;background-color: var(--porto-primary-color) !important;}\" conditional_render=\"%5B%7B%22value_role%22%3A%22administrator%22%7D%5D\" css_params=\"\"][vc_row][vc_column width=\"1\/5\" conditional_render=\"%5B%7B%22value_role%22%3A%22administrator%22%7D%5D\" css_params=\"\"][\/vc_column][vc_column width=\"3\/5\" text_align=\"center\" conditional_render=\"%5B%7B%22value_role%22%3A%22administrator%22%7D%5D\" css_params=\"\"][vc_custom_heading text=\"Atenci\u00f3 personalitzada\" font_container=\"tag:h2|text_align:center|color:%23ffffff\" use_theme_fonts=\"yes\" css_params=\"\"][vc_column_text css=\".vc_custom_1760527601316{margin-bottom: 50px !important;}\" text_color=\"#ffffff\" css_params=\"\"]<\/p>\r\n<p class=\"MsoNormal\">Us proporcionem la seguretat i el coneixement que necessiteu per prendre decisions informades i assolir els vostres objectius.<\/p>\r\n<p class=\"MsoNormal\"><strong>No dubteu a posar-vos en contacte amb nosaltres. Estarem encantats d'atendre-us i oferir-vos la millor soluci\u00f3 per a les vostres necessitats. <\/strong><\/p>\r\n<p>[\/vc_column_text][vc_btn title=\"Demaneu cita\" css=\".vc_custom_1760527431499{margin-bottom: 0px !important;}\" link=\"url:https%3A%2F%2Fesquerraabogados.es%2Fca%2F%23contacte|\" el_class=\"mlh_btn_inv\" css_params=\"\"][\/vc_column][vc_column width=\"1\/5\"][\/vc_column][\/vc_row][\/vc_section]<\/div>[\/vc_column][\/vc_row]<\/p>\n<\/div>","protected":false},"excerpt":{"rendered":"<p>[vc_section full_width=&#8221;stretch_row&#8221; css=&#8221;.vc_custom_1760451523860{padding-top: 80px !important;padding-bottom: 80px !important;}&#8221; conditional_render=&#8221;%5B%7B%22value_role%22%3A%22administrator%22%7D%5D&#8221; css_params=&#8221;&#8221;][vc_row gap=&#8221;35&#8243; conditional_render=&#8221;%5B%7B%22value_role%22%3A%22administrator%22%7D%5D&#8221; css_params=&#8221;&#8221;][vc_column width=&#8221;1\/3&#8243; el_class=&#8221;mlh_orden_despues&#8221; conditional_render=&#8221;%5B%7B%22value_role%22%3A%22administrator%22%7D%5D&#8221; css_params=&#8221;&#8221;][vc_single_image image=&#8221;513&#8243; img_size=&#8221;full&#8221; css=&#8221;.vc_custom_1762330964929{border-top-width: 2px !important;border-right-width: 2px !important;border-bottom-width: 2px !important;border-left-width: 2px !important;border-left-style: solid !important;border-right-style: solid !important;border-top-style: solid !important;border-bottom-style: solid !important;border-color: #0a0a0a !important;}&#8221; img_object=&#8221;cover&#8221; img_pos=&#8221;center right&#8221; img_width=&#8221;{&#8220;xl&#8220;:&#8220;100&#8220;,&#8220;unit&#8220;:&#8220;%&#8220;,&#8220;xs&#8220;:&#8220;&#8220;,&#8220;sm&#8220;:&#8220;&#8220;,&#8220;md&#8220;:&#8220;&#8220;,&#8220;lg&#8220;:&#8220;&#8220;}&#8221; img_height=&#8221;{&#8220;xl&#8220;:&#8220;375&#8220;,&#8220;unit&#8220;:&#8220;&#8220;,&#8220;xs&#8220;:&#8220;&#8220;,&#8220;sm&#8220;:&#8220;&#8220;,&#8220;md&#8220;:&#8220;&#8220;,&#8220;lg&#8220;:&#8220;&#8220;}&#8221; css_params=&#8221;&#8221;][\/vc_column][vc_column width=&#8221;2\/3&#8243;][vc_custom_heading text=&#8221;Assessorament laboral&#8221; use_theme_fonts=&#8221;yes&#8221; css_params=&#8221;&#8221;][vc_column_text css=&#8221;&#8221; css_params=&#8221;&#8221;]Oferim un servei integral d&#8217;assessorament laboral [&hellip;]<\/p>\n","protected":false},"author":5,"featured_media":0,"parent":0,"menu_order":0,"comment_status":"closed","ping_status":"closed","template":"","meta":{"_seopress_robots_primary_cat":"","_seopress_titles_title":"%%sitetitle%% %%sep%% %%post_title%%","_seopress_titles_desc":"Assessorament jur\u00eddic i estrat\u00e8gic per a empreses i particulars: prevenci\u00f3, gesti\u00f3 i defensa efica\u00e7 dels teus interessos.","_seopress_robots_index":"","footnotes":""},"class_list":["post-524","page","type-page","status-publish","hentry"],"_links":{"self":[{"href":"https:\/\/esquerraabogados.es\/ca\/wp-json\/wp\/v2\/pages\/524","targetHints":{"allow":["GET"]}}],"collection":[{"href":"https:\/\/esquerraabogados.es\/ca\/wp-json\/wp\/v2\/pages"}],"about":[{"href":"https:\/\/esquerraabogados.es\/ca\/wp-json\/wp\/v2\/types\/page"}],"author":[{"embeddable":true,"href":"https:\/\/esquerraabogados.es\/ca\/wp-json\/wp\/v2\/users\/5"}],"replies":[{"embeddable":true,"href":"https:\/\/esquerraabogados.es\/ca\/wp-json\/wp\/v2\/comments?post=524"}],"version-history":[{"count":2,"href":"https:\/\/esquerraabogados.es\/ca\/wp-json\/wp\/v2\/pages\/524\/revisions"}],"predecessor-version":[{"id":527,"href":"https:\/\/esquerraabogados.es\/ca\/wp-json\/wp\/v2\/pages\/524\/revisions\/527"}],"wp:attachment":[{"href":"https:\/\/esquerraabogados.es\/ca\/wp-json\/wp\/v2\/media?parent=524"}],"curies":[{"name":"wp","href":"https:\/\/api.w.org\/{rel}","templated":true}]}}